{"id":3,"date":"2023-06-23T09:05:42","date_gmt":"2023-06-23T09:05:42","guid":{"rendered":"https:\/\/ho-ki.at\/?page_id=3"},"modified":"2023-06-26T12:14:10","modified_gmt":"2023-06-26T12:14:10","slug":"privacy-policy","status":"publish","type":"page","link":"https:\/\/ho-ki.at\/?page_id=3","title":{"rendered":"Impressum Datenschutz"},"content":{"rendered":"<section  class='av_textblock_section av-ljbywx8l-282d269a640041574bdae3cc244512f0 '   itemscope=\"itemscope\" itemtype=\"https:\/\/schema.org\/CreativeWork\" ><div class='avia_textblock'  itemprop=\"text\" ><h1>Impressum &amp; Datenschutz<\/h1>\n<p>Verantwortlich f\u00fcr den Inhalt:<\/p>\n<p>Elternverwaltete Hortkindergruppe<br \/>\nHofm\u00fchlgasse 2<br \/>\n1060 Wien<\/p>\n<p>ZVR 051093673<\/p>\n<p><a href=\"https:\/\/ho-ki.at\/?page_id=7\">zur\u00fcck zur Startseite<\/a><\/p>\n<h3>Sammlung personenbezogener Daten<\/h3>\n<p>Bei der Nutzung dieser Website werden nur solche Daten erhoben, die Ihr Browser an den Server der Website \u00fcbermittelt (sog. \u201eServer-Logfiles\u201c). Es werden nur Daten erhoben, die technisch erforderlich sind, um diese Website anzuzeigen.<\/p>\n<p>Die Verarbeitung erfolgt gem\u00e4\u00df Art. 6 Abs. 1 lit. f DSGVO auf Basis des berechtigten Interesses an der Verbesserung der Stabilit\u00e4t und Funktionalit\u00e4t dieser Website.<\/p>\n<h3>Cookies<\/h3>\n<p>Cookies sind kleine Textdateien, die auf Ihrem Computer gespeichert werden. Einige der von dieser Website verwendeten Cookies werden nach dem Ende der Browser-Sitzung, also nach Schlie\u00dfen Ihres Browsers, wieder gel\u00f6scht. Andere Cookies verbleiben auf Ihrem Endger\u00e4t und erm\u00f6glichen dem Betreiber dieser Website oder unseren Partnerunternehmen (Cookies von Drittanbietern), Ihren Browser beim n\u00e4chsten Besuch wieder zu erkennen (persistente Cookies). Werden Cookies gesetzt, erheben und verarbeiten diese im individuellen Umfang bestimmte Nutzerinformationen wie Browser- und Standortdaten sowie IP-Adresswerte. Persistente Cookies werden automatisiert nach einer vorgegebenen Dauer gel\u00f6scht, die sich je nach Cookie unterscheiden kann.<\/p>\n<p>Im Folgenden werden Sie im Detail dazu informiert, warum welche Cookies verwendet werden und geben Ihnen die M\u00f6glichkeit die Nutzung zu aktivieren oder deaktivieren. Bitte beachten Sie, dass das Blockieren von Cookies einen Einfluss auf Ihre Nutzung dieser Website haben kann.<\/p>\n<p>Funktionale Cookies<br \/>\nDiese Cookies sind unbedingt erforderlich, um Ihnen die auf dieser Website verf\u00fcgbaren Dienste zur Verf\u00fcgung zu stellen und einige ihrer Funktionen zu nutzen. Da diese Cookies zur Bereitstellung der Website unbedingt erforderlich sind, k\u00f6nnen Sie sie nicht ablehnen, ohne die Funktionsweise unserer Website zu beeintr\u00e4chtigen.<\/p>\n<p>Ansonsten verwenden wir keine weiteren Cookies, Tracking Cookies oder Google Fonts.<\/p>\n<h3>Ihre Rechte<\/h3>\n<p>Es stehen Ihnen grunds\u00e4tzlich die Rechte auf Auskunft, Berichtigung, L\u00f6schung, Einschr\u00e4nkung, Daten\u00fcbertragbarkeit, Widerruf und Widerspruch zu. Sie k\u00f6nnen jederzeit das Recht in Anspruch nehmen, mit dem Betreiber dieser Website in Kontakt zu treten, um Ihre Daten wieder l\u00f6schen zu lassen.<\/p>\n<p>Wenn Sie glauben, dass die Verarbeitung Ihrer Daten gegen das Datenschutzrecht verst\u00f6\u00dft oder Ihre datenschutzrechtlichen Anspr\u00fcche sonst in einer Weise verletzt worden sind, k\u00f6nnen Sie sich bei der Aufsichtsbeh\u00f6rde beschweren. In \u00d6sterreich ist dies die Datenschutzbeh\u00f6rde.<\/p>\n<\/div><\/section>\n","protected":false},"excerpt":{"rendered":"","protected":false},"author":1,"featured_media":0,"parent":0,"menu_order":0,"comment_status":"closed","ping_status":"open","template":"","meta":{"footnotes":""},"class_list":["post-3","page","type-page","status-publish","hentry"],"_links":{"self":[{"href":"https:\/\/ho-ki.at\/index.php?rest_route=\/wp\/v2\/pages\/3","targetHints":{"allow":["GET"]}}],"collection":[{"href":"https:\/\/ho-ki.at\/index.php?rest_route=\/wp\/v2\/pages"}],"about":[{"href":"https:\/\/ho-ki.at\/index.php?rest_route=\/wp\/v2\/types\/page"}],"author":[{"embeddable":true,"href":"https:\/\/ho-ki.at\/index.php?rest_route=\/wp\/v2\/users\/1"}],"replies":[{"embeddable":true,"href":"https:\/\/ho-ki.at\/index.php?rest_route=%2Fwp%2Fv2%2Fcomments&post=3"}],"version-history":[{"count":5,"href":"https:\/\/ho-ki.at\/index.php?rest_route=\/wp\/v2\/pages\/3\/revisions"}],"predecessor-version":[{"id":60,"href":"https:\/\/ho-ki.at\/index.php?rest_route=\/wp\/v2\/pages\/3\/revisions\/60"}],"wp:attachment":[{"href":"https:\/\/ho-ki.at\/index.php?rest_route=%2Fwp%2Fv2%2Fmedia&parent=3"}],"curies":[{"name":"wp","href":"https:\/\/api.w.org\/{rel}","templated":true}]}}