{"id":7,"date":"2023-06-25T19:45:49","date_gmt":"2023-06-25T19:45:49","guid":{"rendered":"https:\/\/ho-ki.at\/?page_id=7"},"modified":"2023-06-27T08:18:14","modified_gmt":"2023-06-27T08:18:14","slug":"hoki-hofmuehlgassenkinder","status":"publish","type":"page","link":"https:\/\/ho-ki.at\/","title":{"rendered":"HOKI &#8211; Hofm\u00fchlgassenkinder"},"content":{"rendered":"<div  class='flex_column av-89mn-dc1e05aeeef51bf1023636e27441959c av_one_fourth  avia-builder-el-0  el_before_av_one_half  avia-builder-el-first  first flex_column_div  '     ><style type=\"text\/css\" data-created_by=\"avia_inline_auto\" id=\"style-css-av-ljbxc6z0-4e5bf9cba1646e7300d6baeddbb135b9\">\n.avia-image-container.av-ljbxc6z0-4e5bf9cba1646e7300d6baeddbb135b9 img.avia_image{\nbox-shadow:none;\n}\n.avia-image-container.av-ljbxc6z0-4e5bf9cba1646e7300d6baeddbb135b9 .av-image-caption-overlay-center{\ncolor:#ffffff;\n}\n<\/style>\n<div  class='avia-image-container av-ljbxc6z0-4e5bf9cba1646e7300d6baeddbb135b9 av-styling- avia-align-center  avia-builder-el-1  avia-builder-el-no-sibling '   itemprop=\"image\" itemscope=\"itemscope\" itemtype=\"https:\/\/schema.org\/ImageObject\" ><div class=\"avia-image-container-inner\"><div class=\"avia-image-overlay-wrap\"><img decoding=\"async\" fetchpriority=\"high\" class='wp-image-30 avia-img-lazy-loading-not-30 avia_image ' src=\"https:\/\/ho-ki.at\/wp-content\/uploads\/hoki-logo.png\" alt='' title='hoki-logo'  height=\"267\" width=\"429\"  itemprop=\"thumbnailUrl\" srcset=\"https:\/\/ho-ki.at\/wp-content\/uploads\/hoki-logo.png 429w, https:\/\/ho-ki.at\/wp-content\/uploads\/hoki-logo-300x187.png 300w\" sizes=\"(max-width: 429px) 100vw, 429px\" \/><\/div><\/div><\/div><\/div>\n<div  class='flex_column av-bly1-f42bc2311013faaeb5b791e544e5bd7f av_one_half  avia-builder-el-2  el_after_av_one_fourth  el_before_av_one_half  flex_column_div  '     ><section  class='av_textblock_section av-10fb-aa017fecd4794dd5c00681e3582ec394 '   itemscope=\"itemscope\" itemtype=\"https:\/\/schema.org\/CreativeWork\" ><div class='avia_textblock'  itemprop=\"text\" ><h1 style=\"text-align: left;\">Verein HOKI &#8211; Hofm\u00fchlgassenkinder<\/h1>\n<h3 style=\"text-align: left;\">Elternverwaltete Hortkindergruppe<br \/>\nHofm\u00fchlgasse 2<br \/>\n1060 Wien<\/h3>\n<\/div><\/section><\/div>\n<div  class='flex_column av-4ii7-f41b90af9aa05851c6ed2b0f829dad5c av_one_half  avia-builder-el-4  el_after_av_one_half  el_before_av_one_half  first flex_column_div  column-top-margin'     ><section  class='av_textblock_section av-ljbwjepf-e22c4c299846bc5abb7a9a25c053e2fe '   itemscope=\"itemscope\" itemtype=\"https:\/\/schema.org\/CreativeWork\" ><div class='avia_textblock'  itemprop=\"text\" ><h2>Unsere \u00d6ffnungszeiten<\/h2>\n<p>Die Hortgruppen sind folgenderma\u00dfen ge\u00f6ffnet:<\/p>\n<ul>\n<li>Montag bis Freitag von 8:30 \u2013 9:30h<\/li>\n<li>Montag -Dienstag von 13:00-17:30<\/li>\n<li>Mittwoch-Donnerstag von 12:30-17:30<\/li>\n<li>Freitag von 12:30-13:30<\/li>\n<\/ul>\n<p>Der Hort ist Weihnachten bis nach Heilige Drei K\u00f6nige, Semesterferienwoche, Osterwoche und Juli und August geschlossen.<\/p>\n<\/div><\/section><\/div>\n<div  class='flex_column av-2tth-883d7f8c2b568d7008fa82a3caec8b58 av_one_half  avia-builder-el-6  el_after_av_one_half  el_before_av_one_fifth  flex_column_div  column-top-margin'     ><section  class='av_textblock_section av-ljbwkvza-f21a6a22fd8b92ee66e2d4ad2b67eb94 '   itemscope=\"itemscope\" itemtype=\"https:\/\/schema.org\/CreativeWork\" ><div class='avia_textblock'  itemprop=\"text\" ><h2>Unser Hort<\/h2>\n<p>Der HOKI versteht sich nicht nur als Ort des Lernens, sondern auch als erweiterter Lebens- und Erfahrungsraum.<\/p>\n<ul>\n<li>Elternverwaltung<\/li>\n<li>zwei Hortgruppen<\/li>\n<li>drei Betreuer:innen<\/li>\n<li>Verpflegung durch die Eltern<\/li>\n<\/ul>\n<\/div><\/section><\/div>\n<div  class='flex_column av-lje0jny6-20cf296e40519626c769161e3e06ce23 av_one_fifth  avia-builder-el-8  el_after_av_one_half  el_before_av_one_third  first flex_column_div  column-top-margin'     ><style type=\"text\/css\" data-created_by=\"avia_inline_auto\" id=\"style-css-av-lje0ghj1-2722ba56bd80fefc9cdf2c01fad50998\">\n.avia-image-container.av-lje0ghj1-2722ba56bd80fefc9cdf2c01fad50998 img.avia_image{\nbox-shadow:none;\n}\n.avia-image-container.av-lje0ghj1-2722ba56bd80fefc9cdf2c01fad50998 .av-image-caption-overlay-center{\ncolor:#ffffff;\n}\n<\/style>\n<div  class='avia-image-container av-lje0ghj1-2722ba56bd80fefc9cdf2c01fad50998 av-styling- avia-align-center  avia-builder-el-9  avia-builder-el-no-sibling '   itemprop=\"image\" itemscope=\"itemscope\" itemtype=\"https:\/\/schema.org\/ImageObject\" ><div class=\"avia-image-container-inner\"><div class=\"avia-image-overlay-wrap\"><img decoding=\"async\" fetchpriority=\"high\" class='wp-image-62 avia-img-lazy-loading-not-62 avia_image ' src=\"https:\/\/ho-ki.at\/wp-content\/uploads\/hoki-ma10.jpg\" alt='' title='hoki-ma10'  height=\"600\" width=\"467\"  itemprop=\"thumbnailUrl\" srcset=\"https:\/\/ho-ki.at\/wp-content\/uploads\/hoki-ma10.jpg 467w, https:\/\/ho-ki.at\/wp-content\/uploads\/hoki-ma10-234x300.jpg 234w\" sizes=\"(max-width: 467px) 100vw, 467px\" \/><\/div><\/div><\/div><\/div><div  class='flex_column av-lje0kmwo-5179b22b2f8dad8589cc90c31878f0b1 av_one_third  avia-builder-el-10  el_after_av_one_fifth  el_before_av_one_third  flex_column_div  column-top-margin'     ><section  class='av_textblock_section av-lje0iiqz-e565535f1baa519cee1ea4dd8d014b2c '   itemscope=\"itemscope\" itemtype=\"https:\/\/schema.org\/CreativeWork\" ><div class='avia_textblock'  itemprop=\"text\" ><p>Diese private Bildungseinrichtung wird durch die Stadt Wien &#8211; Kinderg\u00e4rten mit \u00f6ffentlichen Mitteln gef\u00f6rdert und hat sich verpflichtet, die Prinzipien und Grunds\u00e4tze des Wiener Bildungsplans einzuhalten.<\/p>\n<p>Wiener Bildungsplan: <a href=\"https:\/\/www.ris.bka.gv.at\/Dokumente\/Landesnormen\/L WI40004982\/Anlage_1.pdf\" target=\"_blank\" rel=\"noopener\" data-wplink-url-error=\"true\">https:\/\/www.ris.bka.gv.at\/Dokumente\/Landesnormen\/L WI40004982\/Anlage_1.pdf<\/a><\/p>\n<\/div><\/section><\/div><div  class='flex_column av-5fz7-8ea40a251cd6a3d5a09a5b6d30e65aa8 av_one_third  avia-builder-el-12  el_after_av_one_third  avia-builder-el-last  flex_column_div  column-top-margin'     ><section  class='av_textblock_section av-y3-43281947dc6b63076a0c4b40807df238 '   itemscope=\"itemscope\" itemtype=\"https:\/\/schema.org\/CreativeWork\" ><div class='avia_textblock'  itemprop=\"text\" ><p><a href=\"https:\/\/ho-ki.at\/?page_id=3\">Impressum &#038; Datenschutz<\/a><\/p>\n<\/div><\/section><\/div><\/p>\n","protected":false},"excerpt":{"rendered":"","protected":false},"author":2,"featured_media":0,"parent":0,"menu_order":0,"comment_status":"closed","ping_status":"closed","template":"","meta":{"footnotes":""},"class_list":["post-7","page","type-page","status-publish","hentry"],"_links":{"self":[{"href":"https:\/\/ho-ki.at\/index.php?rest_route=\/wp\/v2\/pages\/7","targetHints":{"allow":["GET"]}}],"collection":[{"href":"https:\/\/ho-ki.at\/index.php?rest_route=\/wp\/v2\/pages"}],"about":[{"href":"https:\/\/ho-ki.at\/index.php?rest_route=\/wp\/v2\/types\/page"}],"author":[{"embeddable":true,"href":"https:\/\/ho-ki.at\/index.php?rest_route=\/wp\/v2\/users\/2"}],"replies":[{"embeddable":true,"href":"https:\/\/ho-ki.at\/index.php?rest_route=%2Fwp%2Fv2%2Fcomments&post=7"}],"version-history":[{"count":29,"href":"https:\/\/ho-ki.at\/index.php?rest_route=\/wp\/v2\/pages\/7\/revisions"}],"predecessor-version":[{"id":73,"href":"https:\/\/ho-ki.at\/index.php?rest_route=\/wp\/v2\/pages\/7\/revisions\/73"}],"wp:attachment":[{"href":"https:\/\/ho-ki.at\/index.php?rest_route=%2Fwp%2Fv2%2Fmedia&parent=7"}],"curies":[{"name":"wp","href":"https:\/\/api.w.org\/{rel}","templated":true}]}}